{"id":60,"date":"2015-03-11T16:48:59","date_gmt":"2015-03-11T16:48:59","guid":{"rendered":"http:\/\/keizer-com.net\/wordpress\/?page_id=7"},"modified":"2022-03-09T11:09:40","modified_gmt":"2022-03-09T11:09:40","slug":"impressum","status":"publish","type":"page","link":"https:\/\/scheelke.de\/wordpress\/impressum","title":{"rendered":"Partner"},"content":{"rendered":"<table cellspacing=\"10\" cellpadding=\"10\" border=\"0\">\n<tbody>\n<tr>\n<td><a href=\"http:\/\/www.buefa.de\/\"><img loading=\"lazy\" src=\"http:\/\/www.scheelke.de\/bilder\/werbung\/Bufa2.gif\" alt=\"\" width=\"180\" height=\"63\" border=\"0\"> <\/a><\/td>\n<td><a href=\"http:\/\/www.geiss-gmbh.de\/\"><img loading=\"lazy\" src=\"http:\/\/www.scheelke.de\/bilder\/werbung\/Geiss.gif\" alt=\"\" width=\"121\" height=\"64\" border=\"0\"> <\/a><\/td>\n<td><a href=\"http:\/\/www.tbz-rheine.de\/\"><img loading=\"lazy\" src=\"http:\/\/www.scheelke.de\/bilder\/werbung\/Tbzani.jpg\" alt=\"\" width=\"100\" height=\"76\" border=\"0\"> <\/a><\/td>\n<\/tr>\n<tr>\n<td><a href=\"http:\/\/www.datakass.de\/\"><img loading=\"lazy\" src=\"http:\/\/www.scheelke.de\/bilder\/werbung\/Henning_Logo.gif\" alt=\"\" width=\"138\" height=\"105\" border=\"0\"> <\/a><\/td>\n<td><a href=\"http:\/\/www.ilsa-d.de\/\"><img loading=\"lazy\" src=\"http:\/\/www.scheelke.de\/bilder\/werbung\/ilsa2.gif\" alt=\"\" width=\"150\" height=\"69\" border=\"0\"> <\/a><\/td>\n<td><a href=\"http:\/\/www.hohenstein.de\/\"><img loading=\"lazy\" src=\"http:\/\/www.scheelke.de\/bilder\/werbung\/mforsch.gif\" alt=\"\" width=\"150\" height=\"62\" border=\"0\"> <\/a><\/td>\n<\/tr>\n<tr>\n<td colspan=\"3\"><a href=\"http:\/\/www.teppichreinigung-ruhr.de\/\"><img loading=\"lazy\" src=\"http:\/\/www.scheelke.de\/bilder\/werbung\/teppichani1.gif\" alt=\"\" width=\"79\" height=\"103\" border=\"0\"> <\/a><\/td>\n<\/tr>\n<\/tbody>\n<\/table>\n<p><a href=\"http:\/\/www.vereinigtelederreinigung.de\/\"><span style=\"color: #0066cc;\"><strong>REWAKON <\/strong><\/span><\/a><br \/>\nFachhandel f\u00fcr Textilpflege und W\u00e4scherei.<\/p>\n<p><b><a href=\"http:\/\/www.chemlab.de\"><span style=\"color: #0066cc;\">Chemlab <\/span><\/a> <\/b><br \/>\nGesellschaft f\u00fcr Analytik u. Umweltberatung Instandhaltung und Kalibrierung der Me\u00dfger\u00e4te.<\/p>\n<p><b><a><span style=\"color: #0066cc;\">Technischer Kundendienst <\/span><\/a> <\/b><br \/>\nU. Menne<br \/>\nEuropastr. 12a<br \/>\n58675 Hemer<\/p>\n<p><b><a href=\"http:\/\/keizer-com.de\"><span style=\"color: #0066cc;\">Keizer Computer<\/span><\/a> <\/b><br \/>\nTel.:02043-203192<\/p>\n","protected":false},"excerpt":{"rendered":"<p>REWAKON Fachhandel f\u00fcr Textilpflege und W\u00e4scherei. Chemlab Gesellschaft f\u00fcr Analytik u. Umweltberatung Instandhaltung und Kalibrierung der Me\u00dfger\u00e4te. Technischer Kundendienst U. Menne Europastr. 12a 58675 Hemer Keizer Computer Tel.:02043-203192<\/p>\n","protected":false},"author":1,"featured_media":0,"parent":0,"menu_order":2,"comment_status":"closed","ping_status":"closed","template":"","meta":[],"_links":{"self":[{"href":"https:\/\/scheelke.de\/wordpress\/wp-json\/wp\/v2\/pages\/60"}],"collection":[{"href":"https:\/\/scheelke.de\/wordpress\/wp-json\/wp\/v2\/pages"}],"about":[{"href":"https:\/\/scheelke.de\/wordpress\/wp-json\/wp\/v2\/types\/page"}],"author":[{"embeddable":true,"href":"https:\/\/scheelke.de\/wordpress\/wp-json\/wp\/v2\/users\/1"}],"replies":[{"embeddable":true,"href":"https:\/\/scheelke.de\/wordpress\/wp-json\/wp\/v2\/comments?post=60"}],"version-history":[{"count":2,"href":"https:\/\/scheelke.de\/wordpress\/wp-json\/wp\/v2\/pages\/60\/revisions"}],"predecessor-version":[{"id":272,"href":"https:\/\/scheelke.de\/wordpress\/wp-json\/wp\/v2\/pages\/60\/revisions\/272"}],"wp:attachment":[{"href":"https:\/\/scheelke.de\/wordpress\/wp-json\/wp\/v2\/media?parent=60"}],"curies":[{"name":"wp","href":"https:\/\/api.w.org\/{rel}","templated":true}]}}