{"id":37,"date":"2015-03-11T17:30:28","date_gmt":"2015-03-11T17:30:28","guid":{"rendered":"http:\/\/keizer-com.net\/wordpress\/?page_id=37"},"modified":"2025-03-19T07:31:43","modified_gmt":"2025-03-19T07:31:43","slug":"sonstiges","status":"publish","type":"page","link":"https:\/\/scheelke.de\/wordpress\/impressum\/sonstiges","title":{"rendered":"Sonstiges"},"content":{"rendered":"<h1>Was sonst noch<\/h1>\n<p>Folgend einmal alle Dienstleistungen die wir im Rahmen unserer T\u00e4tigkeit als Textilreinigung anbieten. Die Arbeiten die wir nicht im eigenen Haus ausf\u00fchren und somit an Partnerbetriebe weiterleiten, werden ebenso von versierten Fachleuten ausgef\u00fchrt wie Sie es von uns auch erwarten.<\/p>\n<p>Textilreinigung ( Dry Clean)<br \/>\nTextilreinigung ( Wet Clean)<br \/>\nB\u00fcgelservice<br \/>\nBrautkleiderreinigung<br \/>\nLeder Spezialreinigung<br \/>\nTeppichw\u00e4scherei<br \/>\nW\u00e4scherei<br \/>\n\u00c4nderungsschneiderei<br \/>\nMangeln<\/p>\n","protected":false},"excerpt":{"rendered":"<p>Was sonst noch Folgend einmal alle Dienstleistungen die wir im Rahmen unserer T\u00e4tigkeit als Textilreinigung anbieten. Die Arbeiten die wir nicht im eigenen Haus ausf\u00fchren und somit an Partnerbetriebe weiterleiten,&hellip; <\/p>\n","protected":false},"author":1,"featured_media":0,"parent":60,"menu_order":1,"comment_status":"closed","ping_status":"closed","template":"","meta":[],"_links":{"self":[{"href":"https:\/\/scheelke.de\/wordpress\/wp-json\/wp\/v2\/pages\/37"}],"collection":[{"href":"https:\/\/scheelke.de\/wordpress\/wp-json\/wp\/v2\/pages"}],"about":[{"href":"https:\/\/scheelke.de\/wordpress\/wp-json\/wp\/v2\/types\/page"}],"author":[{"embeddable":true,"href":"https:\/\/scheelke.de\/wordpress\/wp-json\/wp\/v2\/users\/1"}],"replies":[{"embeddable":true,"href":"https:\/\/scheelke.de\/wordpress\/wp-json\/wp\/v2\/comments?post=37"}],"version-history":[{"count":4,"href":"https:\/\/scheelke.de\/wordpress\/wp-json\/wp\/v2\/pages\/37\/revisions"}],"predecessor-version":[{"id":274,"href":"https:\/\/scheelke.de\/wordpress\/wp-json\/wp\/v2\/pages\/37\/revisions\/274"}],"up":[{"embeddable":true,"href":"https:\/\/scheelke.de\/wordpress\/wp-json\/wp\/v2\/pages\/60"}],"wp:attachment":[{"href":"https:\/\/scheelke.de\/wordpress\/wp-json\/wp\/v2\/media?parent=37"}],"curies":[{"name":"wp","href":"https:\/\/api.w.org\/{rel}","templated":true}]}}