{"id":31,"date":"2015-03-11T17:23:45","date_gmt":"2015-03-11T17:23:45","guid":{"rendered":"http:\/\/keizer-com.net\/wordpress\/?page_id=31"},"modified":"2025-03-19T07:34:50","modified_gmt":"2025-03-19T07:34:50","slug":"leistung","status":"publish","type":"page","link":"https:\/\/scheelke.de\/wordpress\/ueber-uns\/leistung","title":{"rendered":"Leistung"},"content":{"rendered":"<h1>Unsere Leistungen<\/h1>\n<ul>\n<li>Chemische Reinigung von Obergarderobe mit Fertigmeldung bei Fertigstellung (Mail)<a href=\"http:\/\/scheelke.de\/wordpress\/wp-content\/uploads\/2015\/03\/IMG_20170315_164820-e1489594495459.jpg\"><img loading=\"lazy\" class=\"alignright wp-image-163\" src=\"http:\/\/scheelke.de\/wordpress\/wp-content\/uploads\/2015\/03\/IMG_20170315_164820-e1489594495459.jpg\" alt=\"\" width=\"177\" height=\"236\" srcset=\"https:\/\/scheelke.de\/wordpress\/wp-content\/uploads\/2015\/03\/IMG_20170315_164820-e1489594495459.jpg 3480w, https:\/\/scheelke.de\/wordpress\/wp-content\/uploads\/2015\/03\/IMG_20170315_164820-e1489594495459-632x843.jpg 632w, https:\/\/scheelke.de\/wordpress\/wp-content\/uploads\/2015\/03\/IMG_20170315_164820-e1489594495459-768x1024.jpg 768w, https:\/\/scheelke.de\/wordpress\/wp-content\/uploads\/2015\/03\/IMG_20170315_164820-e1489594495459-1020x1360.jpg 1020w\" sizes=\"(max-width: 177px) 100vw, 177px\" \/><\/a><\/li>\n<li>Professionelle Nassreinigung von Obergarderobe<strong>. <\/strong>Wir waschen mit Ozerna ECO System\u00a0\u00a0\u00a0 Ecolabel DE\/ 039\/004<\/li>\n<li>Brautkleiderreinigung<\/li>\n<li>Teppichreinigung<\/li>\n<li>Lederreinigung<\/li>\n<li>Flachw\u00e4sche (Bett und Tisch)<\/li>\n<li>Mangelw\u00e4sche<\/li>\n<li>Schneiderarbeiten<\/li>\n<\/ul>\n<p><b>Ihre Treue zahlt sich aus <\/b><\/p>\n<p>Lassen Sie h\u00e4ufig Ihre Garderobe bei uns reinigen? Dann profitieren Sie von unserer Kundenkarte. Verschiedene Werte und Erm\u00e4\u00dfigungen* stehen Ihnen zur Auswahl. Erwerben Sie einfach eine Karte und nutzen die damit verbundenen Rabatte*. Folgende Stufen stehen Ihnen zur Verf\u00fcgung:<\/p>\n<table border=\"0\" width=\"\" cellspacing=\"0\" cellpadding=\"1\">\n<tbody>\n<tr align=\"center\">\n<td><b>Kaufpreis<\/b><\/td>\n<td><b>Erm\u00e4\u00dfigung <\/b><\/td>\n<td><b>Ihr Wert<\/b><\/td>\n<\/tr>\n<tr align=\"center\">\n<td>50,00 EUR<\/td>\n<td>5 %<\/td>\n<td>52,50 EUR<\/td>\n<\/tr>\n<tr align=\"center\">\n<td>100,00 EUR<\/td>\n<td>7,5 %<\/td>\n<td>107,50 EUR<\/td>\n<\/tr>\n<tr align=\"center\">\n<td>150,00 EUR<\/td>\n<td>10 %<\/td>\n<td>165,00 EUR<\/td>\n<\/tr>\n<tr align=\"center\">\n<td>200,00 EUR<\/td>\n<td>12,5 %<\/td>\n<td>225,00 EUR<\/td>\n<\/tr>\n<tr align=\"center\">\n<td>300,00 EUR<\/td>\n<td>15 %<\/td>\n<td>345,00 EUR<\/td>\n<\/tr>\n<\/tbody>\n<\/table>\n<p><i>* Nur chem. und professionelle Nassreinigung von Obergarderobe. Nicht g\u00fcltig in unseren externen Annahmestellen. Restguthaben wird nicht ausgezahlt. ** Diese Felder sind freiwillige Angaben<\/i>.<\/p>\n","protected":false},"excerpt":{"rendered":"<p>Unsere Leistungen Chemische Reinigung von Obergarderobe mit Fertigmeldung bei Fertigstellung (Mail) Professionelle Nassreinigung von Obergarderobe. Wir waschen mit Ozerna ECO System\u00a0\u00a0\u00a0 Ecolabel DE\/ 039\/004 Brautkleiderreinigung Teppichreinigung Lederreinigung Flachw\u00e4sche (Bett und&hellip; <\/p>\n","protected":false},"author":1,"featured_media":0,"parent":14,"menu_order":3,"comment_status":"closed","ping_status":"closed","template":"","meta":[],"_links":{"self":[{"href":"https:\/\/scheelke.de\/wordpress\/wp-json\/wp\/v2\/pages\/31"}],"collection":[{"href":"https:\/\/scheelke.de\/wordpress\/wp-json\/wp\/v2\/pages"}],"about":[{"href":"https:\/\/scheelke.de\/wordpress\/wp-json\/wp\/v2\/types\/page"}],"author":[{"embeddable":true,"href":"https:\/\/scheelke.de\/wordpress\/wp-json\/wp\/v2\/users\/1"}],"replies":[{"embeddable":true,"href":"https:\/\/scheelke.de\/wordpress\/wp-json\/wp\/v2\/comments?post=31"}],"version-history":[{"count":11,"href":"https:\/\/scheelke.de\/wordpress\/wp-json\/wp\/v2\/pages\/31\/revisions"}],"predecessor-version":[{"id":277,"href":"https:\/\/scheelke.de\/wordpress\/wp-json\/wp\/v2\/pages\/31\/revisions\/277"}],"up":[{"embeddable":true,"href":"https:\/\/scheelke.de\/wordpress\/wp-json\/wp\/v2\/pages\/14"}],"wp:attachment":[{"href":"https:\/\/scheelke.de\/wordpress\/wp-json\/wp\/v2\/media?parent=31"}],"curies":[{"name":"wp","href":"https:\/\/api.w.org\/{rel}","templated":true}]}}