{"id":29,"date":"2015-03-11T17:22:34","date_gmt":"2015-03-11T17:22:34","guid":{"rendered":"http:\/\/keizer-com.net\/wordpress\/?page_id=29"},"modified":"2017-08-28T06:39:24","modified_gmt":"2017-08-28T06:39:24","slug":"technik","status":"publish","type":"page","link":"https:\/\/scheelke.de\/wordpress\/ueber-uns\/technik","title":{"rendered":"Technik"},"content":{"rendered":"<h1>Welche Technik verwenden wir?<\/h1>\n<p>Um alle Arbeiten durchf\u00fchren zu k\u00f6nnen, damit Ihr Kleidungsst\u00fcck gereinigt und geb\u00fcgelt von Ihnen wieder abgeholt werden kann, sind einige technische Ger\u00e4te notwendig. Hier die Wichtigsten !<\/p>\n<p><b>Die Reinigungsmaschine: Multimatic Compakt 320n<\/b><\/p>\n<p>Beladegewicht 16 kg Trockenkleidung<br \/>\nAntrieb ein E \u2013 Motor Beheizt durch 150\u00b0 hei\u00dfen Sattdampf<br \/>\nVentil- und L\u00fcftungsklappensteuerung<br \/>\ndurch Pre\u00dfluft (6 bar)<br \/>\nK\u00e4lteanlage<br \/>\nComputergest\u00fctzte Programmsteuerung<br \/>\nComputergesteuerte Me\u00dftechnik f\u00fcr die Raumluftkonzentration.<\/p>\n<p><b>Die Waschmachine:<\/b><\/p>\n<p>17 kg GIRBAU HS-6017 Industriemaschine <span style=\"color: #800000;\"><strong>NEU<\/strong><\/span><\/p>\n<p><b>Der W\u00e4schetrockner: <\/b><\/p>\n<p>17 kg Beladegewicht <strong><span style=\"color: #800000;\">NEU<\/span><\/strong><br \/>\ndampfbeheizt<br \/>\nHersteller ist die Firma GIRBAU ED 340<\/p>\n<p><b>Der Dampferzeuger: Fa. Jumag <\/b><\/p>\n<p>\u00d6lbetriebener Dampfkessel-Wasserraum-Verdampfungssystem<br \/>\nLeistung 120 kg Dampf in der Stunde bei 10 bar<\/p>\n<p><b>Enth\u00e4rtungsanlage:<\/b><\/p>\n<p>Zur Dampferzeugung wird enth\u00e4rtetes Wasser ben\u00f6tigt,<br \/>\ndamit die dampfversorgten Ger\u00e4te nicht verkalken.<\/p>\n<p><b>Kompressor: <\/b><\/p>\n<p>Zur Steuerung aller Ventile wird ein Druck von min. 6 bar<br \/>\nben\u00f6tigt, den wir mit einem Kolbenkompressor erzeugen.<\/p>\n<p><b>K\u00fchlturm:<\/b><\/p>\n<p>Er beinhaltet ca. 750 l Wasser zur K\u00fchlung<br \/>\neiniger Aggregarte in der Reinigungsmaschine.<br \/>\nDas Wasser wird durch einen im K\u00fchlturm befindlichen Ven-<br \/>\ntilator wieder gek\u00fchlt. Dadurch wird Frischwasser einge-<br \/>\nspart, im Durchschnitt 90 l in der Stunde.<\/p>\n<p><b>B\u00fcgeltische, B\u00fcgeleisen und D\u00e4mpfpuppen:<\/b><\/p>\n<p>B\u00fcgelger\u00e4te, die durch freisetzen von Dampf die Fasern<br \/>\ngl\u00e4tten und formbar machen. Die Feinarbeiten werden<br \/>\nmittels Handb\u00fcgeleisen vollendet.<\/p>\n<p><!-- Kommentar: Ende des Seiteninhalts. --><\/p>\n<div id=\"footer\"><\/div>\n","protected":false},"excerpt":{"rendered":"<p>Welche Technik verwenden wir? Um alle Arbeiten durchf\u00fchren zu k\u00f6nnen, damit Ihr Kleidungsst\u00fcck gereinigt und geb\u00fcgelt von Ihnen wieder abgeholt werden kann, sind einige technische Ger\u00e4te notwendig. Hier die Wichtigsten&hellip; <\/p>\n","protected":false},"author":1,"featured_media":0,"parent":14,"menu_order":2,"comment_status":"closed","ping_status":"closed","template":"","meta":[],"_links":{"self":[{"href":"https:\/\/scheelke.de\/wordpress\/wp-json\/wp\/v2\/pages\/29"}],"collection":[{"href":"https:\/\/scheelke.de\/wordpress\/wp-json\/wp\/v2\/pages"}],"about":[{"href":"https:\/\/scheelke.de\/wordpress\/wp-json\/wp\/v2\/types\/page"}],"author":[{"embeddable":true,"href":"https:\/\/scheelke.de\/wordpress\/wp-json\/wp\/v2\/users\/1"}],"replies":[{"embeddable":true,"href":"https:\/\/scheelke.de\/wordpress\/wp-json\/wp\/v2\/comments?post=29"}],"version-history":[{"count":2,"href":"https:\/\/scheelke.de\/wordpress\/wp-json\/wp\/v2\/pages\/29\/revisions"}],"predecessor-version":[{"id":173,"href":"https:\/\/scheelke.de\/wordpress\/wp-json\/wp\/v2\/pages\/29\/revisions\/173"}],"up":[{"embeddable":true,"href":"https:\/\/scheelke.de\/wordpress\/wp-json\/wp\/v2\/pages\/14"}],"wp:attachment":[{"href":"https:\/\/scheelke.de\/wordpress\/wp-json\/wp\/v2\/media?parent=29"}],"curies":[{"name":"wp","href":"https:\/\/api.w.org\/{rel}","templated":true}]}}