{"id":27,"date":"2015-03-11T17:21:22","date_gmt":"2015-03-11T17:21:22","guid":{"rendered":"http:\/\/keizer-com.net\/wordpress\/?page_id=27"},"modified":"2015-03-11T17:21:22","modified_gmt":"2015-03-11T17:21:22","slug":"was-dann","status":"publish","type":"page","link":"https:\/\/scheelke.de\/wordpress\/ueber-uns\/was-dann","title":{"rendered":"Was dann?"},"content":{"rendered":"<p>Annahme: Bei der Abgabe Ihres Kleidungsst\u00fcckes besprechen wir Ihre W\u00fcnsche, wie Liefertermin, Verpackungsart(Papier, T\u00fcte oder Folie)oder einer zus\u00e4tzlichen Ausr\u00fcstung. Zum Abschluss erhalten Sie einen Abholschein \u00fcber die abgegebenen Kleidungsst\u00fccke. Damit Sie auch wircklich Ihr Kleidungsst\u00fcck zur\u00fcck bekommen haben wir das modernste Kassensystem f\u00fcr die Textilreinigung. Und sollte mal der Abholschein verloren gehen ist das auch kein Problem. Die Kopie wird an Ihrem Kleidungsst\u00fcck befestigt.<\/p>\n<p><b>Sortieren: <\/b><\/p>\n<p>Mit diesem Arbeitsschritt findet eine Sichtpr\u00fcfung der Kleidungsst\u00fccke statt. Hinsichtlich besonderer Eigenschaften und Verschmutzungsart wird entschieden ob das Textil chemisch oder nass gereinigt wird. Zudem kontrollieren wir die Tascheninhalte. Danach gelangt das Teil in den entsprechenden Sammelkorb.<\/p>\n<p><b>Vorbehandeln: <\/b><\/p>\n<p>Von dort werden alle Teile in die Detachur (Fleckentfernung mit chemischen Mitteln) gegeben, wo sie nach Farben sortiert werden (hell, dunkel, halbdunkel, empfindlich, unempfindlich), denn wer m\u00f6chte seine Seidenbluse oder Leinenjacke zusammen mit dem Arbeitsanzug gereinigt wissen. Auf dem Detachiertisch wird jedes Teil auf Flecken durchgesehen. Jeder Fleck wird angel\u00f6st und unter Zuhilfenahme einer speziellen Seife in Schwebe gehalten, um ihn in der Reinigungsmaschine herauszusp\u00fclen oder mittels Wasserdampf und Pressluft aus dem Textil zu entfernen.<\/p>\n<p><b>Reinigen: <\/b><\/p>\n<p>Nach dieser Behandlung gelangen die Teile in die Reinigungsmaschine, die nicht wie viele glauben, Wasser beinhaltet, sondern Perchlorethylen. Diese chemische Fl\u00fcssigkeit hat dem Wasser gegen\u00fcber den Vorteil, die Naturfaser in ihrem Urzustand zu belassen, quasi wie trocken zu reinigen. (Wasser l\u00e4sst die Naturfasern quellen wodurch Krumpfungen und Verfilzungen entstehen k\u00f6nnen.) Daher auch der Begriff Dry cleaning (trocken reinigen.) Nach zwei Sp\u00fclg\u00e4ngen und der Trocknung gelangen die Kleidungsst\u00fccke in dei B\u00fcgelei. Was hier so kurz beschrieben wurde, ist schon etwas aufwendiger und dauert ca. 50 Minuten.<\/p>\n<p><b>B\u00fcgelei: <\/b><\/p>\n<p>Das B\u00fcgeln in der Textilreinigung ist ein Arbeitsschritt, ohne den es nicht m\u00f6glich w\u00e4re, Ihnen Ihr Kleidungsst\u00fcck in einem wieder tragbaren Zustand zu versetzen. Es gibt sogenannte Finishger\u00e4te, die eine gewisse Vorarbeit leisten, das was die B\u00fcgelqualit\u00e4t ausmacht, wird und kann nur von Hand erbracht werden, und erfordert gro\u00dfes Geschick und viel Erfahrung.<\/p>\n<p><b>Endkontrolle: <\/b><\/p>\n<p>An dieser Stelle wird noch einmal kontrolliert, ob keine Flecken \u00fcbersehen worden sind und ob alles richtig geb\u00fcgelt worden ist. Denn ansonsten w\u00fcrde das Kleidungsst\u00fcck nocheinmal zur\u00fcckgehen.<\/p>\n<p><b>Ausgabe: <\/b><\/p>\n<p>Mit dem beim Abgeben ausgeh\u00e4ndigtem Schein wird das zugeh\u00f6rige St\u00fcck herausgesucht. Die angeheftete Nummer wird wieder entfernt und das Ganze wie vorher gew\u00fcnscht in Papier, T\u00fcte oder Folie eingepackt.<\/p>\n","protected":false},"excerpt":{"rendered":"<p>Annahme: Bei der Abgabe Ihres Kleidungsst\u00fcckes besprechen wir Ihre W\u00fcnsche, wie Liefertermin, Verpackungsart(Papier, T\u00fcte oder Folie)oder einer zus\u00e4tzlichen Ausr\u00fcstung. Zum Abschluss erhalten Sie einen Abholschein \u00fcber die abgegebenen Kleidungsst\u00fccke. Damit&hellip; <\/p>\n","protected":false},"author":1,"featured_media":0,"parent":14,"menu_order":1,"comment_status":"closed","ping_status":"closed","template":"","meta":[],"_links":{"self":[{"href":"https:\/\/scheelke.de\/wordpress\/wp-json\/wp\/v2\/pages\/27"}],"collection":[{"href":"https:\/\/scheelke.de\/wordpress\/wp-json\/wp\/v2\/pages"}],"about":[{"href":"https:\/\/scheelke.de\/wordpress\/wp-json\/wp\/v2\/types\/page"}],"author":[{"embeddable":true,"href":"https:\/\/scheelke.de\/wordpress\/wp-json\/wp\/v2\/users\/1"}],"replies":[{"embeddable":true,"href":"https:\/\/scheelke.de\/wordpress\/wp-json\/wp\/v2\/comments?post=27"}],"version-history":[{"count":0,"href":"https:\/\/scheelke.de\/wordpress\/wp-json\/wp\/v2\/pages\/27\/revisions"}],"up":[{"embeddable":true,"href":"https:\/\/scheelke.de\/wordpress\/wp-json\/wp\/v2\/pages\/14"}],"wp:attachment":[{"href":"https:\/\/scheelke.de\/wordpress\/wp-json\/wp\/v2\/media?parent=27"}],"curies":[{"name":"wp","href":"https:\/\/api.w.org\/{rel}","templated":true}]}}