{"id":25,"date":"2015-03-11T17:19:54","date_gmt":"2015-03-11T17:19:54","guid":{"rendered":"http:\/\/keizer-com.net\/wordpress\/?page_id=25"},"modified":"2018-04-24T07:56:07","modified_gmt":"2018-04-24T07:56:07","slug":"anfang","status":"publish","type":"page","link":"https:\/\/scheelke.de\/wordpress\/ueber-uns\/anfang","title":{"rendered":"Anfang"},"content":{"rendered":"<h1>Die Geschichte der Reinigung<\/h1>\n<p>Die Textilreinigung ist heute mehr denn je ein wichtiger Ansprechpartner bei der Pflege Ihrer Kleidung. Immer neue Stoffe und Stoffkombinationen aus anspruchsvollen Materialien bed\u00fcrfen genaues Wissen dar\u00fcber, wie sie zu behandeln sind.<br \/>\n<img loading=\"lazy\" class=\"alignleft\" src=\"http:\/\/www.scheelke.de\/bilder\/Kraus01.JPG\" alt=\"\" width=\"339\" height=\"254\" border=\"0\" \/><\/p>\n<p><img loading=\"lazy\" class=\"alignleft\" src=\"http:\/\/www.scheelke.de\/bilder\/Perrei_Kraus01.JPG\" alt=\"\" width=\"321\" height=\"241\" border=\"0\" \/><\/p>\n<p>Aus diesem Grunde m\u00f6chten wir uns auf folgenden Seiten vorstellen, damit Sie einen Einblick dar\u00fcber erhalten wer wir Textilreiniger eigentlich sind und was mit Ihrer Kleidung geschieht die Sie uns anvertrauen.<\/p>\n<p>1981 wurden die beiden Berufe &#8222;W\u00e4scher und Pl\u00e4tter&#8220; sowie &#8222;F\u00e4rber und Chemischreiniger&#8220; zum Berufsbild des &#8222;Textilreinigers&#8220; zusammengefa\u00dft. Zu seinen T\u00e4tigkeiten geh\u00f6ren:<\/p>\n<p>Reinigen, Detachieren, Ausr\u00fcsten (Appretur, Impr\u00e4gnierung) B\u00fcgeln, Waschen, Pressen und Mangeln.<\/p>\n<p>Die Ausbildung schlie\u00dft nach drei Jahren mit einer Gesellenpr\u00fcfung ab. Nach weiteren drei Jahren Berufserfahrung, kann der Geselle sich f\u00fcr die Vorbereitung zur Meisterpr\u00fcfung anmelden. Mit der bestandene Abschlu\u00dfpr\u00fcfung erh\u00e4lt er den Meistertitel. Wem das noch nicht genug ist und \u00fcber die Fachschulreife, Fachhochschulabschluss oder das Abitur verf\u00fcgt und eine mindestens ein- bis f\u00fcnf j\u00e4hrige Berufserfahrung nachweisen kann, dem bietet sich sowohl ein technisches Studium zum Techniker oder Diplom Ingenieur im Bereich Textile Bekleidungstechnik an, als auch ein betriebswirtschaftlicher Studiengang. Z.B. BWL oder BWL des Handwerks.<\/p>\n<p>Hier sind die weiteren Mitarbeiter unseres Teams zu sehen..<\/p>\n<p>Ich hei\u00dfe Frank Scheelke, bin Textilreiniger Meister und habe 1983 den Betrieb meiner Eltern \u00fcbernommen.<\/p>\n<p>&nbsp;<\/p>\n<h1><a href=\"http:\/\/scheelke.de\/wordpress\/wp-content\/uploads\/2015\/03\/DSCF3077.jpg\"><img loading=\"lazy\" class=\"aligncenter wp-image-106 size-thumbnail\" src=\"http:\/\/scheelke.de\/wordpress\/wp-content\/uploads\/2015\/03\/DSCF3077-420x280.jpg\" alt=\"DSCF3077\" width=\"420\" height=\"280\" \/><\/a><\/h1>\n<p>&nbsp;<\/p>\n<p>&nbsp;<\/p>\n<h1><\/h1>\n<p>&nbsp;<\/p>\n","protected":false},"excerpt":{"rendered":"<p>Die Geschichte der Reinigung Die Textilreinigung ist heute mehr denn je ein wichtiger Ansprechpartner bei der Pflege Ihrer Kleidung. Immer neue Stoffe und Stoffkombinationen aus anspruchsvollen Materialien bed\u00fcrfen genaues Wissen&hellip; <\/p>\n","protected":false},"author":1,"featured_media":0,"parent":14,"menu_order":0,"comment_status":"closed","ping_status":"closed","template":"","meta":[],"_links":{"self":[{"href":"https:\/\/scheelke.de\/wordpress\/wp-json\/wp\/v2\/pages\/25"}],"collection":[{"href":"https:\/\/scheelke.de\/wordpress\/wp-json\/wp\/v2\/pages"}],"about":[{"href":"https:\/\/scheelke.de\/wordpress\/wp-json\/wp\/v2\/types\/page"}],"author":[{"embeddable":true,"href":"https:\/\/scheelke.de\/wordpress\/wp-json\/wp\/v2\/users\/1"}],"replies":[{"embeddable":true,"href":"https:\/\/scheelke.de\/wordpress\/wp-json\/wp\/v2\/comments?post=25"}],"version-history":[{"count":10,"href":"https:\/\/scheelke.de\/wordpress\/wp-json\/wp\/v2\/pages\/25\/revisions"}],"predecessor-version":[{"id":186,"href":"https:\/\/scheelke.de\/wordpress\/wp-json\/wp\/v2\/pages\/25\/revisions\/186"}],"up":[{"embeddable":true,"href":"https:\/\/scheelke.de\/wordpress\/wp-json\/wp\/v2\/pages\/14"}],"wp:attachment":[{"href":"https:\/\/scheelke.de\/wordpress\/wp-json\/wp\/v2\/media?parent=25"}],"curies":[{"name":"wp","href":"https:\/\/api.w.org\/{rel}","templated":true}]}}